{"id":1611,"date":"2017-07-04T20:01:48","date_gmt":"2017-07-04T18:01:48","guid":{"rendered":"http:\/\/www.d-g.at\/?page_id=1611\/"},"modified":"2019-03-12T08:52:05","modified_gmt":"2019-03-12T07:52:05","slug":"efre","status":"publish","type":"page","link":"https:\/\/www.d-g.at\/en\/efre\/","title":{"rendered":"efre"},"content":{"rendered":"<div id='full_slider_1'  class='avia-fullwidth-slider main_color avia-shadow   avia-builder-el-0  el_before_av_one_fifth  avia-builder-el-first   container_wrap sidebar_right'  ><div  class='avia-slideshow av-av_slideshow_full-5b66fd6c4b00261be6ee49148592eb4f avia-slideshow-no scaling av_slideshow_full avia-fade-slider av-slideshow-ui av-control-default av-slideshow-autoplay av-loop-endless av-loop-manual-endless av-default-height-applied   avia-slideshow-1' data-slideshow-options=\"{&quot;animation&quot;:&quot;fade&quot;,&quot;autoplay&quot;:true,&quot;loop_autoplay&quot;:&quot;endless&quot;,&quot;interval&quot;:5,&quot;loop_manual&quot;:&quot;manual-endless&quot;,&quot;autoplay_stopper&quot;:false,&quot;noNavigation&quot;:false,&quot;bg_slider&quot;:false,&quot;keep_padding&quot;:false,&quot;hoverpause&quot;:false,&quot;show_slide_delay&quot;:0}\"  itemprop=\"image\" itemscope=\"itemscope\" itemtype=\"https:\/\/schema.org\/ImageObject\" ><ul class='avia-slideshow-inner ' style='padding-bottom: 25%;'><li  class='avia-slideshow-slide av-av_slideshow_full-5b66fd6c4b00261be6ee49148592eb4f__0  slide-1 slide-odd'><div data-rel='slideshow-1' class='avia-slide-wrap '   ><img decoding=\"async\" fetchpriority=\"high\" class=\"wp-image-2112 avia-img-lazy-loading-not-2112\"  src=\"https:\/\/www.d-g.at\/wp-content\/uploads\/2017\/07\/dg-efre01.jpg\" width=\"1600\" height=\"400\" title='dg-efre01' alt=''  itemprop=\"thumbnailUrl\" srcset=\"https:\/\/www.d-g.at\/wp-content\/uploads\/2017\/07\/dg-efre01.jpg 1600w, https:\/\/www.d-g.at\/wp-content\/uploads\/2017\/07\/dg-efre01-300x75.jpg 300w, https:\/\/www.d-g.at\/wp-content\/uploads\/2017\/07\/dg-efre01-1030x258.jpg 1030w, https:\/\/www.d-g.at\/wp-content\/uploads\/2017\/07\/dg-efre01-768x192.jpg 768w, https:\/\/www.d-g.at\/wp-content\/uploads\/2017\/07\/dg-efre01-1536x384.jpg 1536w, https:\/\/www.d-g.at\/wp-content\/uploads\/2017\/07\/dg-efre01-1500x375.jpg 1500w, https:\/\/www.d-g.at\/wp-content\/uploads\/2017\/07\/dg-efre01-705x176.jpg 705w\" sizes=\"(max-width: 1600px) 100vw, 1600px\" \/><\/div><\/li><li  class='avia-slideshow-slide av-av_slideshow_full-5b66fd6c4b00261be6ee49148592eb4f__1  slide-2 slide-even'><div data-rel='slideshow-1' class='avia-slide-wrap '   ><img decoding=\"async\" fetchpriority=\"high\" class=\"wp-image-2110 avia-img-lazy-loading-not-2110\"  src=\"https:\/\/www.d-g.at\/wp-content\/uploads\/2017\/07\/dg-efre03.jpg\" width=\"1600\" height=\"400\" title='dg-efre03' alt=''  itemprop=\"thumbnailUrl\" srcset=\"https:\/\/www.d-g.at\/wp-content\/uploads\/2017\/07\/dg-efre03.jpg 1600w, https:\/\/www.d-g.at\/wp-content\/uploads\/2017\/07\/dg-efre03-300x75.jpg 300w, https:\/\/www.d-g.at\/wp-content\/uploads\/2017\/07\/dg-efre03-1030x258.jpg 1030w, https:\/\/www.d-g.at\/wp-content\/uploads\/2017\/07\/dg-efre03-768x192.jpg 768w, https:\/\/www.d-g.at\/wp-content\/uploads\/2017\/07\/dg-efre03-1536x384.jpg 1536w, https:\/\/www.d-g.at\/wp-content\/uploads\/2017\/07\/dg-efre03-1500x375.jpg 1500w, https:\/\/www.d-g.at\/wp-content\/uploads\/2017\/07\/dg-efre03-705x176.jpg 705w\" sizes=\"(max-width: 1600px) 100vw, 1600px\" \/><\/div><\/li><li  class='avia-slideshow-slide av-av_slideshow_full-5b66fd6c4b00261be6ee49148592eb4f__2  slide-3 slide-odd'><div data-rel='slideshow-1' class='avia-slide-wrap '   ><img decoding=\"async\" fetchpriority=\"high\" class=\"wp-image-2111 avia-img-lazy-loading-not-2111\"  src=\"https:\/\/www.d-g.at\/wp-content\/uploads\/2017\/07\/dg-efre02.jpg\" width=\"1600\" height=\"400\" title='dg-efre02' alt=''  itemprop=\"thumbnailUrl\" srcset=\"https:\/\/www.d-g.at\/wp-content\/uploads\/2017\/07\/dg-efre02.jpg 1600w, https:\/\/www.d-g.at\/wp-content\/uploads\/2017\/07\/dg-efre02-300x75.jpg 300w, https:\/\/www.d-g.at\/wp-content\/uploads\/2017\/07\/dg-efre02-1030x258.jpg 1030w, https:\/\/www.d-g.at\/wp-content\/uploads\/2017\/07\/dg-efre02-768x192.jpg 768w, https:\/\/www.d-g.at\/wp-content\/uploads\/2017\/07\/dg-efre02-1536x384.jpg 1536w, https:\/\/www.d-g.at\/wp-content\/uploads\/2017\/07\/dg-efre02-1500x375.jpg 1500w, https:\/\/www.d-g.at\/wp-content\/uploads\/2017\/07\/dg-efre02-705x176.jpg 705w\" sizes=\"(max-width: 1600px) 100vw, 1600px\" \/><\/div><\/li><\/ul><div class='avia-slideshow-arrows avia-slideshow-controls' ><a href='#prev' class='prev-slide ' aria-hidden='true' data-av_icon='\ue87c' data-av_iconfont='entypo-fontello'  tabindex='-1'>Previous<\/a><a href='#next' class='next-slide ' aria-hidden='true' data-av_icon='\ue87d' data-av_iconfont='entypo-fontello'  tabindex='-1'>Next<\/a><\/div><div class='avia-slideshow-dots avia-slideshow-controls'><a href='#1' class='goto-slide active' >1<\/a><a href='#2' class='goto-slide ' >2<\/a><a href='#3' class='goto-slide ' >3<\/a><\/div><\/div><\/div><div id='after_full_slider_1'  class='main_color av_default_container_wrap container_wrap sidebar_right'  ><div class='container av-section-cont-open' ><div class='template-page content  av-content-small alpha units'><div class='post-entry post-entry-type-page post-entry-1611'><div class='entry-content-wrapper clearfix'>\n\n<style type=\"text\/css\" data-created_by=\"avia_inline_auto\" id=\"style-css-av-av_one_fifth-9497bbf8bff73ea4c6992cc17fa9ec36\">\n.flex_column.av-av_one_fifth-9497bbf8bff73ea4c6992cc17fa9ec36{\nborder-radius:0px 0px 0px 0px;\npadding:0px 0px 0px 0px;\n}\n<\/style>\n<div  class='flex_column av-av_one_fifth-9497bbf8bff73ea4c6992cc17fa9ec36 av_one_fifth  avia-builder-el-1  el_after_av_slideshow_full  el_before_av_three_fifth  avia-builder-el-first  first flex_column_div av-zero-column-padding  '     ><\/div>\n\n<style type=\"text\/css\" data-created_by=\"avia_inline_auto\" id=\"style-css-av-av_three_fifth-e964242272f822f4503d2113f907f916\">\n.flex_column.av-av_three_fifth-e964242272f822f4503d2113f907f916{\nborder-radius:0px 0px 0px 0px;\npadding:0px 0px 0px 0px;\n}\n<\/style>\n<div  class='flex_column av-av_three_fifth-e964242272f822f4503d2113f907f916 av_three_fifth  avia-builder-el-2  el_after_av_one_fifth  el_before_av_one_fifth  flex_column_div av-animated-generic bottom-to-top av-zero-column-padding  '     ><style type=\"text\/css\" data-created_by=\"avia_inline_auto\" id=\"style-css-av-av_heading-bc433726fe0b148c4ad24559e4f1861d\">\n#top .av-special-heading.av-av_heading-bc433726fe0b148c4ad24559e4f1861d{\npadding-bottom:0;\ncolor:#ef7b00;\nfont-size:30px;\n}\nbody .av-special-heading.av-av_heading-bc433726fe0b148c4ad24559e4f1861d .av-special-heading-tag .heading-char{\nfont-size:25px;\n}\n#top #wrap_all .av-special-heading.av-av_heading-bc433726fe0b148c4ad24559e4f1861d .av-special-heading-tag{\nfont-size:30px;\n}\n.av-special-heading.av-av_heading-bc433726fe0b148c4ad24559e4f1861d .special-heading-inner-border{\nborder-color:#ef7b00;\n}\n.av-special-heading.av-av_heading-bc433726fe0b148c4ad24559e4f1861d .av-subheading{\nfont-size:15px;\n}\n\n@media only screen and (min-width: 480px) and (max-width: 767px){ \n#top #wrap_all .av-special-heading.av-av_heading-bc433726fe0b148c4ad24559e4f1861d .av-special-heading-tag{\nfont-size:0.8em;\n}\n}\n\n@media only screen and (max-width: 479px){ \n#top #wrap_all .av-special-heading.av-av_heading-bc433726fe0b148c4ad24559e4f1861d .av-special-heading-tag{\nfont-size:0.8em;\n}\n}\n<\/style>\n<div  class='av-special-heading av-av_heading-bc433726fe0b148c4ad24559e4f1861d av-special-heading-h2 custom-color-heading blockquote modern-quote  avia-builder-el-3  avia-builder-el-no-sibling  av-inherit-size'><h2 class='av-special-heading-tag'  itemprop=\"headline\"  >Adaption einer bestehenden Produktionsst\u00e4tte und maschinelle Investitionen<\/h2><div class=\"special-heading-border\"><div class=\"special-heading-inner-border\"><\/div><\/div><\/div><\/div>\n\n<style type=\"text\/css\" data-created_by=\"avia_inline_auto\" id=\"style-css-av-av_one_fifth-9c1d454dc06f7247226bc4e8f931daae\">\n.flex_column.av-av_one_fifth-9c1d454dc06f7247226bc4e8f931daae{\nborder-radius:0px 0px 0px 0px;\npadding:0px 0px 0px 0px;\n}\n<\/style>\n<div  class='flex_column av-av_one_fifth-9c1d454dc06f7247226bc4e8f931daae av_one_fifth  avia-builder-el-4  el_after_av_three_fifth  el_before_av_one_fifth  flex_column_div av-zero-column-padding  '     ><\/div>\n\n<style type=\"text\/css\" data-created_by=\"avia_inline_auto\" id=\"style-css-av-av_one_fifth-9497bbf8bff73ea4c6992cc17fa9ec36\">\n.flex_column.av-av_one_fifth-9497bbf8bff73ea4c6992cc17fa9ec36{\nborder-radius:0px 0px 0px 0px;\npadding:0px 0px 0px 0px;\n}\n<\/style>\n<div  class='flex_column av-av_one_fifth-9497bbf8bff73ea4c6992cc17fa9ec36 av_one_fifth  avia-builder-el-5  el_after_av_one_fifth  el_before_av_three_fifth  first flex_column_div av-zero-column-padding  column-top-margin'     ><\/div>\n\n<style type=\"text\/css\" data-created_by=\"avia_inline_auto\" id=\"style-css-av-av_three_fifth-93bea18e2ccb60552a17080633244dec\">\n.flex_column.av-av_three_fifth-93bea18e2ccb60552a17080633244dec{\nborder-radius:0px 0px 0px 0px;\npadding:0px 0px 0px 0px;\n}\n<\/style>\n<div  class='flex_column av-av_three_fifth-93bea18e2ccb60552a17080633244dec av_three_fifth  avia-builder-el-6  el_after_av_one_fifth  el_before_av_one_fifth  flex_column_div av-animated-generic bottom-to-top av-zero-column-padding  column-top-margin'     ><section  class='av_textblock_section av-av_textblock-0366cc7376be6c9e82a3e9cc8987b64f '   itemscope=\"itemscope\" itemtype=\"https:\/\/schema.org\/CreativeWork\" ><div class='avia_textblock'  itemprop=\"text\" ><p style=\"text-align: justify;\">Die Dornauer-Grillitsch GmbH adaptiert eine bestehende Produktionsst\u00e4tte am Standort in 8424 Gabersdorf, Landscha an der Mur 70, hinsichtlich der spezifischen Anforderungen eines Fertigungsbetriebes und t\u00e4tigt umfangreiche maschinelle Investitionen. Damit einhergehend werden sowohl neue Fertigungsverfahren als auch Fertigungstechnologien in das bestehende Dienstleistungsportfeuille des Unternehmens aufgenommen. Diese bauliche Adaption und die technologische Neuausrichtung des Unternehmens sollen den Fortbestand der Dornauer-Grillitsch GmbH auf lange Sicht hin sichern.<\/p>\n<p>Dieses Projekt wird aus Mitteln des Europ\u00e4ischen Fonds f\u00fcr regionale Unterst\u00fctzung kofinanziert.<\/p>\n<p>N\u00e4here Information zu IWB\/EFRE finden Sie auf <a href=\"http:\/\/www.efre.gv.at\" target=\"_blank\" rel=\"noopener noreferrer\">www.efre.gv.at<\/a>.<\/p>\n<p><a href=\"http:\/\/www.efre.gv.at\/\" target=\"_blank\" rel=\"noopener noreferrer\"><img loading=\"lazy\" decoding=\"async\" class=\"alignleft wp-image-1632 size-full\" src=\"http:\/\/www.d-g.at\/wp-content\/uploads\/2017\/07\/efre-l.png\" alt=\"\" width=\"450\" height=\"120\" \/><\/a><\/p>\n<\/div><\/section><\/div>\n\n<style type=\"text\/css\" data-created_by=\"avia_inline_auto\" id=\"style-css-av-av_one_fifth-9c1d454dc06f7247226bc4e8f931daae\">\n.flex_column.av-av_one_fifth-9c1d454dc06f7247226bc4e8f931daae{\nborder-radius:0px 0px 0px 0px;\npadding:0px 0px 0px 0px;\n}\n<\/style>\n<div  class='flex_column av-av_one_fifth-9c1d454dc06f7247226bc4e8f931daae av_one_fifth  avia-builder-el-8  el_after_av_three_fifth  el_before_av_one_fourth  flex_column_div av-zero-column-padding  column-top-margin'     ><\/div>\n\n<style type=\"text\/css\" data-created_by=\"avia_inline_auto\" id=\"style-css-av-av_one_fourth-25347b0a799d5b9f7058434b2a9c3182\">\n.flex_column.av-av_one_fourth-25347b0a799d5b9f7058434b2a9c3182{\nborder-radius:0px 0px 0px 0px;\npadding:0px 0px 0px 0px;\n}\n<\/style>\n<div  class='flex_column av-av_one_fourth-25347b0a799d5b9f7058434b2a9c3182 av_one_fourth  avia-builder-el-9  el_after_av_one_fifth  el_before_av_one_fourth  first flex_column_div av-zero-column-padding  column-top-margin'     ><\/div>\n\n<style type=\"text\/css\" data-created_by=\"avia_inline_auto\" id=\"style-css-av-av_one_fourth-f7c1061df29de8cca6b42fcf455fe4a0\">\n.flex_column.av-av_one_fourth-f7c1061df29de8cca6b42fcf455fe4a0{\nborder-radius:0px 0px 0px 0px;\npadding:0px 0px 0px 0px;\n}\n<\/style>\n<div  class='flex_column av-av_one_fourth-f7c1061df29de8cca6b42fcf455fe4a0 av_one_fourth  avia-builder-el-10  el_after_av_one_fourth  el_before_av_one_fourth  flex_column_div av-zero-column-padding  column-top-margin'     ><style type=\"text\/css\" data-created_by=\"avia_inline_auto\" id=\"style-css-av-jt5h7amn-b2f55b97ce1d30783f3ad7c9bca57af1\">\n.avia-image-container.av-jt5h7amn-b2f55b97ce1d30783f3ad7c9bca57af1 img.avia_image{\nbox-shadow:none;\n}\n.avia-image-container.av-jt5h7amn-b2f55b97ce1d30783f3ad7c9bca57af1 .av-image-caption-overlay-center{\ncolor:#ffffff;\n}\n<\/style>\n<div  class='avia-image-container av-jt5h7amn-b2f55b97ce1d30783f3ad7c9bca57af1 av-styling- av-img-linked avia-align-center  avia-builder-el-11  avia-builder-el-no-sibling '   itemprop=\"image\" itemscope=\"itemscope\" itemtype=\"https:\/\/schema.org\/ImageObject\" ><div class=\"avia-image-container-inner\"><div class=\"avia-image-overlay-wrap\"><a href=\"https:\/\/www.sfg.at\" class='avia_image ' target=\"_blank\" rel=\"noopener noreferrer\" aria-label='sfg'><img decoding=\"async\" fetchpriority=\"high\" class='wp-image-2107 avia-img-lazy-loading-not-2107 avia_image ' src=\"https:\/\/www.d-g.at\/wp-content\/uploads\/2019\/03\/sfg.png\" alt='' title='sfg'  height=\"83\" width=\"170\"  itemprop=\"thumbnailUrl\"  \/><\/a><\/div><\/div><\/div><\/div>\n<style type=\"text\/css\" data-created_by=\"avia_inline_auto\" id=\"style-css-av-av_one_fourth-f7c1061df29de8cca6b42fcf455fe4a0\">\n.flex_column.av-av_one_fourth-f7c1061df29de8cca6b42fcf455fe4a0{\nborder-radius:0px 0px 0px 0px;\npadding:0px 0px 0px 0px;\n}\n<\/style>\n<div  class='flex_column av-av_one_fourth-f7c1061df29de8cca6b42fcf455fe4a0 av_one_fourth  avia-builder-el-12  el_after_av_one_fourth  el_before_av_one_fourth  flex_column_div av-zero-column-padding  column-top-margin'     ><style type=\"text\/css\" data-created_by=\"avia_inline_auto\" id=\"style-css-av-jt5h6bjg-9e88370b227dd4372038857f349b2a23\">\n.avia-image-container.av-jt5h6bjg-9e88370b227dd4372038857f349b2a23 img.avia_image{\nbox-shadow:none;\n}\n.avia-image-container.av-jt5h6bjg-9e88370b227dd4372038857f349b2a23 .av-image-caption-overlay-center{\ncolor:#ffffff;\n}\n<\/style>\n<div  class='avia-image-container av-jt5h6bjg-9e88370b227dd4372038857f349b2a23 av-styling- av-img-linked avia-align-center  avia-builder-el-13  avia-builder-el-no-sibling '   itemprop=\"image\" itemscope=\"itemscope\" itemtype=\"https:\/\/schema.org\/ImageObject\" ><div class=\"avia-image-container-inner\"><div class=\"avia-image-overlay-wrap\"><a href=\"http:\/\/www.aws.at\" class='avia_image ' target=\"_blank\" rel=\"noopener noreferrer\" aria-label='aws_Schrift_links_3Zeilig'><img decoding=\"async\" fetchpriority=\"high\" class='wp-image-2088 avia-img-lazy-loading-not-2088 avia_image ' src=\"https:\/\/www.d-g.at\/wp-content\/uploads\/2019\/03\/aws_Schrift_links_3Zeilig-1.png\" alt='' title='aws_Schrift_links_3Zeilig'  height=\"83\" width=\"148\"  itemprop=\"thumbnailUrl\"  \/><\/a><\/div><\/div><\/div><\/div>\n<style type=\"text\/css\" data-created_by=\"avia_inline_auto\" id=\"style-css-av-av_one_fourth-f7c1061df29de8cca6b42fcf455fe4a0\">\n.flex_column.av-av_one_fourth-f7c1061df29de8cca6b42fcf455fe4a0{\nborder-radius:0px 0px 0px 0px;\npadding:0px 0px 0px 0px;\n}\n<\/style>\n<div  class='flex_column av-av_one_fourth-f7c1061df29de8cca6b42fcf455fe4a0 av_one_fourth  avia-builder-el-14  el_after_av_one_fourth  avia-builder-el-last  flex_column_div av-zero-column-padding  column-top-margin'     ><\/div><\/p>\n","protected":false},"excerpt":{"rendered":"","protected":false},"author":1,"featured_media":0,"parent":0,"menu_order":0,"comment_status":"closed","ping_status":"closed","template":"","meta":{"footnotes":""},"class_list":["post-1611","page","type-page","status-publish","hentry"],"yoast_head":"<!-- This site is optimized with the Yoast SEO plugin v26.4 - https:\/\/yoast.com\/wordpress\/plugins\/seo\/ -->\n<title>Dornauer-Grillitsch GmbH<\/title>\n<meta name=\"description\" content=\"Metal - a material with almost unlimited possibilities in application, as well as in processing.\" \/>\n<meta name=\"robots\" content=\"index, follow, max-snippet:-1, max-image-preview:large, max-video-preview:-1\" \/>\n<link rel=\"canonical\" href=\"https:\/\/www.d-g.at\/en\/efre\/\" \/>\n<meta property=\"og:locale\" content=\"en_US\" \/>\n<meta property=\"og:type\" content=\"article\" \/>\n<meta property=\"og:title\" content=\"Dornauer-Grillitsch GmbH\" \/>\n<meta property=\"og:description\" content=\"Metal - a material with almost unlimited possibilities in application, as well as in processing.\" \/>\n<meta property=\"og:url\" content=\"https:\/\/www.d-g.at\/en\/efre\/\" \/>\n<meta property=\"og:site_name\" content=\"Dornauer-Grillitsch GmbH\" \/>\n<meta property=\"article:modified_time\" content=\"2019-03-12T07:52:05+00:00\" \/>\n<meta property=\"og:image\" content=\"http:\/\/www.d-g.at\/wp-content\/uploads\/2017\/07\/efre-l.png\" \/>\n<meta name=\"twitter:card\" content=\"summary_large_image\" \/>\n<meta name=\"twitter:label1\" content=\"Est. reading time\" \/>\n\t<meta name=\"twitter:data1\" content=\"5 minutes\" \/>\n<script type=\"application\/ld+json\" class=\"yoast-schema-graph\">{\"@context\":\"https:\/\/schema.org\",\"@graph\":[{\"@type\":\"WebPage\",\"@id\":\"https:\/\/www.d-g.at\/en\/efre\/\",\"url\":\"https:\/\/www.d-g.at\/en\/efre\/\",\"name\":\"Dornauer-Grillitsch GmbH\",\"isPartOf\":{\"@id\":\"https:\/\/www.d-g.at\/en\/#website\"},\"primaryImageOfPage\":{\"@id\":\"https:\/\/www.d-g.at\/en\/efre\/#primaryimage\"},\"image\":{\"@id\":\"https:\/\/www.d-g.at\/en\/efre\/#primaryimage\"},\"thumbnailUrl\":\"http:\/\/www.d-g.at\/wp-content\/uploads\/2017\/07\/efre-l.png\",\"datePublished\":\"2017-07-04T18:01:48+00:00\",\"dateModified\":\"2019-03-12T07:52:05+00:00\",\"description\":\"Metal - a material with almost unlimited possibilities in application, as well as in processing.\",\"breadcrumb\":{\"@id\":\"https:\/\/www.d-g.at\/en\/efre\/#breadcrumb\"},\"inLanguage\":\"en-US\",\"potentialAction\":[{\"@type\":\"ReadAction\",\"target\":[\"https:\/\/www.d-g.at\/en\/efre\/\"]}]},{\"@type\":\"ImageObject\",\"inLanguage\":\"en-US\",\"@id\":\"https:\/\/www.d-g.at\/en\/efre\/#primaryimage\",\"url\":\"http:\/\/www.d-g.at\/wp-content\/uploads\/2017\/07\/efre-l.png\",\"contentUrl\":\"http:\/\/www.d-g.at\/wp-content\/uploads\/2017\/07\/efre-l.png\"},{\"@type\":\"BreadcrumbList\",\"@id\":\"https:\/\/www.d-g.at\/en\/efre\/#breadcrumb\",\"itemListElement\":[{\"@type\":\"ListItem\",\"position\":1,\"name\":\"Home\",\"item\":\"https:\/\/www.d-g.at\/en\/home\/\"},{\"@type\":\"ListItem\",\"position\":2,\"name\":\"efre\"}]},{\"@type\":\"WebSite\",\"@id\":\"https:\/\/www.d-g.at\/en\/#website\",\"url\":\"https:\/\/www.d-g.at\/en\/\",\"name\":\"Dornauer-Grillitsch GmbH\",\"description\":\"Metalltechnik und Oberfl\u00e4chentechnik\",\"publisher\":{\"@id\":\"https:\/\/www.d-g.at\/en\/#organization\"},\"potentialAction\":[{\"@type\":\"SearchAction\",\"target\":{\"@type\":\"EntryPoint\",\"urlTemplate\":\"https:\/\/www.d-g.at\/en\/?s={search_term_string}\"},\"query-input\":{\"@type\":\"PropertyValueSpecification\",\"valueRequired\":true,\"valueName\":\"search_term_string\"}}],\"inLanguage\":\"en-US\"},{\"@type\":\"Organization\",\"@id\":\"https:\/\/www.d-g.at\/en\/#organization\",\"name\":\"Dornauer-Grillitsch GmbH\",\"url\":\"https:\/\/www.d-g.at\/en\/\",\"logo\":{\"@type\":\"ImageObject\",\"inLanguage\":\"en-US\",\"@id\":\"https:\/\/www.d-g.at\/en\/#\/schema\/logo\/image\/\",\"url\":\"https:\/\/www.d-g.at\/wp-content\/uploads\/2016\/06\/d-g-200px.png\",\"contentUrl\":\"https:\/\/www.d-g.at\/wp-content\/uploads\/2016\/06\/d-g-200px.png\",\"width\":200,\"height\":169,\"caption\":\"Dornauer-Grillitsch GmbH\"},\"image\":{\"@id\":\"https:\/\/www.d-g.at\/en\/#\/schema\/logo\/image\/\"}}]}<\/script>\n<!-- \/ Yoast SEO plugin. -->","yoast_head_json":{"title":"Dornauer-Grillitsch GmbH","description":"Metal - a material with almost unlimited possibilities in application, as well as in processing.","robots":{"index":"index","follow":"follow","max-snippet":"max-snippet:-1","max-image-preview":"max-image-preview:large","max-video-preview":"max-video-preview:-1"},"canonical":"https:\/\/www.d-g.at\/en\/efre\/","og_locale":"en_US","og_type":"article","og_title":"Dornauer-Grillitsch GmbH","og_description":"Metal - a material with almost unlimited possibilities in application, as well as in processing.","og_url":"https:\/\/www.d-g.at\/en\/efre\/","og_site_name":"Dornauer-Grillitsch GmbH","article_modified_time":"2019-03-12T07:52:05+00:00","og_image":[{"url":"http:\/\/www.d-g.at\/wp-content\/uploads\/2017\/07\/efre-l.png","type":"","width":"","height":""}],"twitter_card":"summary_large_image","twitter_misc":{"Est. reading time":"5 minutes"},"schema":{"@context":"https:\/\/schema.org","@graph":[{"@type":"WebPage","@id":"https:\/\/www.d-g.at\/en\/efre\/","url":"https:\/\/www.d-g.at\/en\/efre\/","name":"Dornauer-Grillitsch GmbH","isPartOf":{"@id":"https:\/\/www.d-g.at\/en\/#website"},"primaryImageOfPage":{"@id":"https:\/\/www.d-g.at\/en\/efre\/#primaryimage"},"image":{"@id":"https:\/\/www.d-g.at\/en\/efre\/#primaryimage"},"thumbnailUrl":"http:\/\/www.d-g.at\/wp-content\/uploads\/2017\/07\/efre-l.png","datePublished":"2017-07-04T18:01:48+00:00","dateModified":"2019-03-12T07:52:05+00:00","description":"Metal - a material with almost unlimited possibilities in application, as well as in processing.","breadcrumb":{"@id":"https:\/\/www.d-g.at\/en\/efre\/#breadcrumb"},"inLanguage":"en-US","potentialAction":[{"@type":"ReadAction","target":["https:\/\/www.d-g.at\/en\/efre\/"]}]},{"@type":"ImageObject","inLanguage":"en-US","@id":"https:\/\/www.d-g.at\/en\/efre\/#primaryimage","url":"http:\/\/www.d-g.at\/wp-content\/uploads\/2017\/07\/efre-l.png","contentUrl":"http:\/\/www.d-g.at\/wp-content\/uploads\/2017\/07\/efre-l.png"},{"@type":"BreadcrumbList","@id":"https:\/\/www.d-g.at\/en\/efre\/#breadcrumb","itemListElement":[{"@type":"ListItem","position":1,"name":"Home","item":"https:\/\/www.d-g.at\/en\/home\/"},{"@type":"ListItem","position":2,"name":"efre"}]},{"@type":"WebSite","@id":"https:\/\/www.d-g.at\/en\/#website","url":"https:\/\/www.d-g.at\/en\/","name":"Dornauer-Grillitsch GmbH","description":"Metalltechnik und Oberfl\u00e4chentechnik","publisher":{"@id":"https:\/\/www.d-g.at\/en\/#organization"},"potentialAction":[{"@type":"SearchAction","target":{"@type":"EntryPoint","urlTemplate":"https:\/\/www.d-g.at\/en\/?s={search_term_string}"},"query-input":{"@type":"PropertyValueSpecification","valueRequired":true,"valueName":"search_term_string"}}],"inLanguage":"en-US"},{"@type":"Organization","@id":"https:\/\/www.d-g.at\/en\/#organization","name":"Dornauer-Grillitsch GmbH","url":"https:\/\/www.d-g.at\/en\/","logo":{"@type":"ImageObject","inLanguage":"en-US","@id":"https:\/\/www.d-g.at\/en\/#\/schema\/logo\/image\/","url":"https:\/\/www.d-g.at\/wp-content\/uploads\/2016\/06\/d-g-200px.png","contentUrl":"https:\/\/www.d-g.at\/wp-content\/uploads\/2016\/06\/d-g-200px.png","width":200,"height":169,"caption":"Dornauer-Grillitsch GmbH"},"image":{"@id":"https:\/\/www.d-g.at\/en\/#\/schema\/logo\/image\/"}}]}},"_links":{"self":[{"href":"https:\/\/www.d-g.at\/en\/wp-json\/wp\/v2\/pages\/1611","targetHints":{"allow":["GET"]}}],"collection":[{"href":"https:\/\/www.d-g.at\/en\/wp-json\/wp\/v2\/pages"}],"about":[{"href":"https:\/\/www.d-g.at\/en\/wp-json\/wp\/v2\/types\/page"}],"author":[{"embeddable":true,"href":"https:\/\/www.d-g.at\/en\/wp-json\/wp\/v2\/users\/1"}],"replies":[{"embeddable":true,"href":"https:\/\/www.d-g.at\/en\/wp-json\/wp\/v2\/comments?post=1611"}],"version-history":[{"count":3,"href":"https:\/\/www.d-g.at\/en\/wp-json\/wp\/v2\/pages\/1611\/revisions"}],"predecessor-version":[{"id":2109,"href":"https:\/\/www.d-g.at\/en\/wp-json\/wp\/v2\/pages\/1611\/revisions\/2109"}],"wp:attachment":[{"href":"https:\/\/www.d-g.at\/en\/wp-json\/wp\/v2\/media?parent=1611"}],"curies":[{"name":"wp","href":"https:\/\/api.w.org\/{rel}","templated":true}]}}