{"id":1313,"date":"2016-06-30T10:55:03","date_gmt":"2016-06-30T08:55:03","guid":{"rendered":"http:\/\/www.d-g.at\/en\/?page_id=1313"},"modified":"2016-06-30T20:49:26","modified_gmt":"2016-06-30T18:49:26","slug":"sustainability","status":"publish","type":"page","link":"https:\/\/www.d-g.at\/en\/sustainability\/","title":{"rendered":"Sustainability"},"content":{"rendered":"<div id='full_slider_1'  class='avia-fullwidth-slider main_color avia-shadow   avia-builder-el-0  el_before_av_section  avia-builder-el-first   container_wrap sidebar_right'  ><div  class='avia-slideshow av-av_slideshow_full-02226221efbcb6a6bc6cbd46a00dfdcc avia-slideshow-no scaling av_slideshow_full avia-fade-slider av-slideshow-ui av-control-minimal av-slideshow-autoplay av-loop-endless av-loop-manual-endless av-default-height-applied   avia-slideshow-1' data-slideshow-options=\"{&quot;animation&quot;:&quot;fade&quot;,&quot;autoplay&quot;:true,&quot;loop_autoplay&quot;:&quot;endless&quot;,&quot;interval&quot;:5,&quot;loop_manual&quot;:&quot;manual-endless&quot;,&quot;autoplay_stopper&quot;:false,&quot;noNavigation&quot;:false,&quot;bg_slider&quot;:false,&quot;keep_padding&quot;:false,&quot;hoverpause&quot;:false,&quot;show_slide_delay&quot;:0}\"  itemprop=\"image\" itemscope=\"itemscope\" itemtype=\"https:\/\/schema.org\/ImageObject\" ><ul class='avia-slideshow-inner ' style='padding-bottom: 28.125%;'><li  class='avia-slideshow-slide av-av_slideshow_full-02226221efbcb6a6bc6cbd46a00dfdcc__0  slide-1 slide-odd'><div data-rel='slideshow-1' class='avia-slide-wrap '   ><img decoding=\"async\" fetchpriority=\"high\" class=\"wp-image-3135 avia-img-lazy-loading-not-3135\"  src=\"https:\/\/www.d-g.at\/wp-content\/uploads\/2016\/05\/dg-oberfleachentechnik16.jpg\" width=\"1600\" height=\"450\" title='dg-oberfleachentechnik16' alt=''  itemprop=\"thumbnailUrl\" srcset=\"https:\/\/www.d-g.at\/wp-content\/uploads\/2016\/05\/dg-oberfleachentechnik16.jpg 1600w, https:\/\/www.d-g.at\/wp-content\/uploads\/2016\/05\/dg-oberfleachentechnik16-300x84.jpg 300w, https:\/\/www.d-g.at\/wp-content\/uploads\/2016\/05\/dg-oberfleachentechnik16-768x216.jpg 768w, https:\/\/www.d-g.at\/wp-content\/uploads\/2016\/05\/dg-oberfleachentechnik16-1030x290.jpg 1030w, https:\/\/www.d-g.at\/wp-content\/uploads\/2016\/05\/dg-oberfleachentechnik16-1500x422.jpg 1500w, https:\/\/www.d-g.at\/wp-content\/uploads\/2016\/05\/dg-oberfleachentechnik16-705x198.jpg 705w, https:\/\/www.d-g.at\/wp-content\/uploads\/2016\/05\/dg-oberfleachentechnik16-450x127.jpg 450w\" sizes=\"(max-width: 1600px) 100vw, 1600px\" \/><\/div><\/li><li  class='avia-slideshow-slide av-av_slideshow_full-02226221efbcb6a6bc6cbd46a00dfdcc__1  slide-2 slide-even'><div data-rel='slideshow-1' class='avia-slide-wrap '   ><img decoding=\"async\" fetchpriority=\"high\" class=\"wp-image-858 avia-img-lazy-loading-not-858\"  src=\"https:\/\/www.d-g.at\/wp-content\/uploads\/2016\/05\/dg-metalloberflaechentechnik11.jpg\" width=\"1600\" height=\"450\" title='dg-metall+oberflaechentechnik11' alt=''  itemprop=\"thumbnailUrl\" srcset=\"https:\/\/www.d-g.at\/wp-content\/uploads\/2016\/05\/dg-metalloberflaechentechnik11.jpg 1600w, https:\/\/www.d-g.at\/wp-content\/uploads\/2016\/05\/dg-metalloberflaechentechnik11-300x84.jpg 300w, https:\/\/www.d-g.at\/wp-content\/uploads\/2016\/05\/dg-metalloberflaechentechnik11-768x216.jpg 768w, https:\/\/www.d-g.at\/wp-content\/uploads\/2016\/05\/dg-metalloberflaechentechnik11-1030x290.jpg 1030w, https:\/\/www.d-g.at\/wp-content\/uploads\/2016\/05\/dg-metalloberflaechentechnik11-1500x422.jpg 1500w, https:\/\/www.d-g.at\/wp-content\/uploads\/2016\/05\/dg-metalloberflaechentechnik11-705x198.jpg 705w, https:\/\/www.d-g.at\/wp-content\/uploads\/2016\/05\/dg-metalloberflaechentechnik11-450x127.jpg 450w\" sizes=\"(max-width: 1600px) 100vw, 1600px\" \/><\/div><\/li><li  class='avia-slideshow-slide av-av_slideshow_full-02226221efbcb6a6bc6cbd46a00dfdcc__2  slide-3 slide-odd'><div data-rel='slideshow-1' class='avia-slide-wrap '   ><img decoding=\"async\" fetchpriority=\"high\" class=\"wp-image-2892 avia-img-lazy-loading-not-2892\"  src=\"https:\/\/www.d-g.at\/wp-content\/uploads\/2016\/05\/dg-oberfleachentechnik08.jpg\" width=\"1600\" height=\"450\" title='dg-oberfleachentechnik08' alt=''  itemprop=\"thumbnailUrl\" srcset=\"https:\/\/www.d-g.at\/wp-content\/uploads\/2016\/05\/dg-oberfleachentechnik08.jpg 1600w, https:\/\/www.d-g.at\/wp-content\/uploads\/2016\/05\/dg-oberfleachentechnik08-300x84.jpg 300w, https:\/\/www.d-g.at\/wp-content\/uploads\/2016\/05\/dg-oberfleachentechnik08-768x216.jpg 768w, https:\/\/www.d-g.at\/wp-content\/uploads\/2016\/05\/dg-oberfleachentechnik08-1030x290.jpg 1030w, https:\/\/www.d-g.at\/wp-content\/uploads\/2016\/05\/dg-oberfleachentechnik08-1500x422.jpg 1500w, https:\/\/www.d-g.at\/wp-content\/uploads\/2016\/05\/dg-oberfleachentechnik08-705x198.jpg 705w, https:\/\/www.d-g.at\/wp-content\/uploads\/2016\/05\/dg-oberfleachentechnik08-450x127.jpg 450w\" sizes=\"(max-width: 1600px) 100vw, 1600px\" \/><\/div><\/li><li  class='avia-slideshow-slide av-av_slideshow_full-02226221efbcb6a6bc6cbd46a00dfdcc__3  slide-4 slide-even'><div data-rel='slideshow-1' class='avia-slide-wrap '   ><img decoding=\"async\" fetchpriority=\"high\" class=\"wp-image-855 avia-img-lazy-loading-not-855\"  src=\"https:\/\/www.d-g.at\/wp-content\/uploads\/2016\/05\/dg-metalloberflaechentechnik08.jpg\" width=\"1600\" height=\"450\" title='dg-metall+oberflaechentechnik08' alt=''  itemprop=\"thumbnailUrl\" srcset=\"https:\/\/www.d-g.at\/wp-content\/uploads\/2016\/05\/dg-metalloberflaechentechnik08.jpg 1600w, https:\/\/www.d-g.at\/wp-content\/uploads\/2016\/05\/dg-metalloberflaechentechnik08-300x84.jpg 300w, https:\/\/www.d-g.at\/wp-content\/uploads\/2016\/05\/dg-metalloberflaechentechnik08-768x216.jpg 768w, https:\/\/www.d-g.at\/wp-content\/uploads\/2016\/05\/dg-metalloberflaechentechnik08-1030x290.jpg 1030w, https:\/\/www.d-g.at\/wp-content\/uploads\/2016\/05\/dg-metalloberflaechentechnik08-1500x422.jpg 1500w, https:\/\/www.d-g.at\/wp-content\/uploads\/2016\/05\/dg-metalloberflaechentechnik08-705x198.jpg 705w, https:\/\/www.d-g.at\/wp-content\/uploads\/2016\/05\/dg-metalloberflaechentechnik08-450x127.jpg 450w\" sizes=\"(max-width: 1600px) 100vw, 1600px\" \/><\/div><\/li><li  class='avia-slideshow-slide av-av_slideshow_full-02226221efbcb6a6bc6cbd46a00dfdcc__4  slide-5 slide-odd'><div data-rel='slideshow-1' class='avia-slide-wrap '  title='Dornauer Grillitsch GmbH, Schwei\u00dfarbeiten, Schwei\u00dfen, MIG Schwei\u00dfen, MAG Schwei\u00dfen, WIG Schwei\u00dfen' ><img decoding=\"async\" fetchpriority=\"high\" class=\"wp-image-2474 avia-img-lazy-loading-not-2474\"  src=\"https:\/\/www.d-g.at\/wp-content\/uploads\/2015\/10\/dg-schweissen03.jpg\" width=\"1600\" height=\"450\" title='dg-schweissen03' alt='Schwei\u00dfen'  itemprop=\"thumbnailUrl\" srcset=\"https:\/\/www.d-g.at\/wp-content\/uploads\/2015\/10\/dg-schweissen03.jpg 1600w, https:\/\/www.d-g.at\/wp-content\/uploads\/2015\/10\/dg-schweissen03-300x84.jpg 300w, https:\/\/www.d-g.at\/wp-content\/uploads\/2015\/10\/dg-schweissen03-768x216.jpg 768w, https:\/\/www.d-g.at\/wp-content\/uploads\/2015\/10\/dg-schweissen03-1030x290.jpg 1030w, https:\/\/www.d-g.at\/wp-content\/uploads\/2015\/10\/dg-schweissen03-1500x422.jpg 1500w, https:\/\/www.d-g.at\/wp-content\/uploads\/2015\/10\/dg-schweissen03-705x198.jpg 705w, https:\/\/www.d-g.at\/wp-content\/uploads\/2015\/10\/dg-schweissen03-450x127.jpg 450w\" sizes=\"(max-width: 1600px) 100vw, 1600px\" \/><\/div><\/li><li  class='avia-slideshow-slide av-av_slideshow_full-02226221efbcb6a6bc6cbd46a00dfdcc__5  slide-6 slide-even'><div data-rel='slideshow-1' class='avia-slide-wrap '   ><img decoding=\"async\" fetchpriority=\"high\" class=\"wp-image-856 avia-img-lazy-loading-not-856\"  src=\"https:\/\/www.d-g.at\/wp-content\/uploads\/2016\/05\/dg-metalloberflaechentechnik09.jpg\" width=\"1600\" height=\"450\" title='dg-metall+oberflaechentechnik09' alt=''  itemprop=\"thumbnailUrl\" srcset=\"https:\/\/www.d-g.at\/wp-content\/uploads\/2016\/05\/dg-metalloberflaechentechnik09.jpg 1600w, https:\/\/www.d-g.at\/wp-content\/uploads\/2016\/05\/dg-metalloberflaechentechnik09-300x84.jpg 300w, https:\/\/www.d-g.at\/wp-content\/uploads\/2016\/05\/dg-metalloberflaechentechnik09-768x216.jpg 768w, https:\/\/www.d-g.at\/wp-content\/uploads\/2016\/05\/dg-metalloberflaechentechnik09-1030x290.jpg 1030w, https:\/\/www.d-g.at\/wp-content\/uploads\/2016\/05\/dg-metalloberflaechentechnik09-1500x422.jpg 1500w, https:\/\/www.d-g.at\/wp-content\/uploads\/2016\/05\/dg-metalloberflaechentechnik09-705x198.jpg 705w, https:\/\/www.d-g.at\/wp-content\/uploads\/2016\/05\/dg-metalloberflaechentechnik09-450x127.jpg 450w\" sizes=\"(max-width: 1600px) 100vw, 1600px\" \/><\/div><\/li><li  class='avia-slideshow-slide av-av_slideshow_full-02226221efbcb6a6bc6cbd46a00dfdcc__6  slide-7 slide-odd'><div data-rel='slideshow-1' class='avia-slide-wrap '   ><img decoding=\"async\" fetchpriority=\"high\" class=\"wp-image-2378 avia-img-lazy-loading-not-2378\"  src=\"https:\/\/www.d-g.at\/wp-content\/uploads\/2016\/04\/dg-metalltechnik-03.jpg\" width=\"1600\" height=\"450\" title='dg-metalltechnik-03' alt=''  itemprop=\"thumbnailUrl\" srcset=\"https:\/\/www.d-g.at\/wp-content\/uploads\/2016\/04\/dg-metalltechnik-03.jpg 1600w, https:\/\/www.d-g.at\/wp-content\/uploads\/2016\/04\/dg-metalltechnik-03-300x84.jpg 300w, https:\/\/www.d-g.at\/wp-content\/uploads\/2016\/04\/dg-metalltechnik-03-768x216.jpg 768w, https:\/\/www.d-g.at\/wp-content\/uploads\/2016\/04\/dg-metalltechnik-03-1030x290.jpg 1030w, https:\/\/www.d-g.at\/wp-content\/uploads\/2016\/04\/dg-metalltechnik-03-1500x422.jpg 1500w, https:\/\/www.d-g.at\/wp-content\/uploads\/2016\/04\/dg-metalltechnik-03-705x198.jpg 705w, https:\/\/www.d-g.at\/wp-content\/uploads\/2016\/04\/dg-metalltechnik-03-450x127.jpg 450w\" sizes=\"(max-width: 1600px) 100vw, 1600px\" \/><\/div><\/li><\/ul><div class='avia-slideshow-arrows avia-slideshow-controls' ><a href='#prev' class='prev-slide ' aria-hidden='true' data-av_icon='\ue87c' data-av_iconfont='entypo-fontello'  tabindex='-1'>Previous<\/a><a href='#next' class='next-slide ' aria-hidden='true' data-av_icon='\ue87d' data-av_iconfont='entypo-fontello'  tabindex='-1'>Next<\/a><\/div><div class='avia-slideshow-dots avia-slideshow-controls'><a href='#1' class='goto-slide active' >1<\/a><a href='#2' class='goto-slide ' >2<\/a><a href='#3' class='goto-slide ' >3<\/a><a href='#4' class='goto-slide ' >4<\/a><a href='#5' class='goto-slide ' >5<\/a><a href='#6' class='goto-slide ' >6<\/a><a href='#7' class='goto-slide ' >7<\/a><\/div><\/div><\/div>\n\n<style type=\"text\/css\" data-created_by=\"avia_inline_auto\" id=\"style-css-av-av_section-b0f1dff69051e180e0a4d94a9bf9377c\">\n.avia-section.av-av_section-b0f1dff69051e180e0a4d94a9bf9377c .av-parallax .av-parallax-inner{\nbackground-repeat:no-repeat;\nbackground-image:url(https:\/\/www.d-g.at\/wp-content\/uploads\/2016\/05\/dg-nachhaltigkeit-1.jpg);\nbackground-position:0% 0%;\nbackground-attachment:scroll;\n}\n<\/style>\n<div id='av_section_1'  class='avia-section av-av_section-b0f1dff69051e180e0a4d94a9bf9377c main_color avia-section-default avia-no-shadow  avia-builder-el-1  el_after_av_slideshow_full  avia-builder-el-last  av-parallax-section avia-bg-style-parallax container_wrap sidebar_right'  data-section-bg-repeat='no-repeat'><div class='av-parallax' data-avia-parallax-ratio='0.3' ><div class='av-parallax-inner main_color avia-full-stretch'><\/div><\/div><div class='container av-section-cont-open' ><div class='template-page content  av-content-small alpha units'><div class='post-entry post-entry-type-page post-entry-1313'><div class='entry-content-wrapper clearfix'>\n\n<style type=\"text\/css\" data-created_by=\"avia_inline_auto\" id=\"style-css-av-av_heading-ea8ef678e1ad515e39015b51fd2dd93d\">\n#top .av-special-heading.av-av_heading-ea8ef678e1ad515e39015b51fd2dd93d{\npadding-bottom:0;\ncolor:#ef7b00;\nfont-size:35px;\n}\nbody .av-special-heading.av-av_heading-ea8ef678e1ad515e39015b51fd2dd93d .av-special-heading-tag .heading-char{\nfont-size:25px;\n}\n#top #wrap_all .av-special-heading.av-av_heading-ea8ef678e1ad515e39015b51fd2dd93d .av-special-heading-tag{\nfont-size:35px;\n}\n.av-special-heading.av-av_heading-ea8ef678e1ad515e39015b51fd2dd93d .special-heading-inner-border{\nborder-color:#ef7b00;\n}\n.av-special-heading.av-av_heading-ea8ef678e1ad515e39015b51fd2dd93d .av-subheading{\nfont-size:24px;\n}\n\n@media only screen and (min-width: 480px) and (max-width: 767px){ \n#top #wrap_all .av-special-heading.av-av_heading-ea8ef678e1ad515e39015b51fd2dd93d .av-special-heading-tag{\nfont-size:0.8em;\n}\n}\n\n@media only screen and (max-width: 479px){ \n#top #wrap_all .av-special-heading.av-av_heading-ea8ef678e1ad515e39015b51fd2dd93d .av-special-heading-tag{\nfont-size:0.8em;\n}\n}\n<\/style>\n<div  class='av-special-heading av-av_heading-ea8ef678e1ad515e39015b51fd2dd93d av-special-heading-h2 custom-color-heading blockquote modern-quote modern-centered  avia-builder-el-2  el_before_av_hr  avia-builder-el-first  av-inherit-size'><h2 class='av-special-heading-tag'  itemprop=\"headline\"  >Sustainability<\/h2><div class=\"special-heading-border\"><div class=\"special-heading-inner-border\"><\/div><\/div><\/div>\n\n<style type=\"text\/css\" data-created_by=\"avia_inline_auto\" id=\"style-css-av-av_hr-bf0f486080ecfaa3608f3ea68943924f\">\n#top .hr.av-av_hr-bf0f486080ecfaa3608f3ea68943924f{\nmargin-top:10px;\nmargin-bottom:40px;\n}\n.hr.av-av_hr-bf0f486080ecfaa3608f3ea68943924f .hr-inner{\nwidth:50px;\nborder-color:#ef7b00;\n}\n<\/style>\n<div  class='hr av-av_hr-bf0f486080ecfaa3608f3ea68943924f hr-custom  avia-builder-el-3  el_after_av_heading  el_before_av_one_fifth  hr-center hr-icon-no'><span class='hr-inner inner-border-av-border-fat'><span class=\"hr-inner-style\"><\/span><\/span><\/div>\n\n<style type=\"text\/css\" data-created_by=\"avia_inline_auto\" id=\"style-css-av-av_one_fifth-79acca8e8e885b115a88f7e4f9504050\">\n.flex_column.av-av_one_fifth-79acca8e8e885b115a88f7e4f9504050{\nborder-radius:0px 0px 0px 0px;\npadding:0px 0px 0px 0px;\n}\n<\/style>\n<div  class='flex_column av-av_one_fifth-79acca8e8e885b115a88f7e4f9504050 av_one_fifth  avia-builder-el-4  el_after_av_hr  el_before_av_three_fifth  first no_margin flex_column_div av-zero-column-padding  '     ><\/div>\n<style type=\"text\/css\" data-created_by=\"avia_inline_auto\" id=\"style-css-av-av_three_fifth-de02ff6c6bb29fc4ff1e98b6fcee57c3\">\n.flex_column.av-av_three_fifth-de02ff6c6bb29fc4ff1e98b6fcee57c3{\nborder-radius:0px 0px 0px 0px;\npadding:0px 0px 0px 0px;\n}\n<\/style>\n<div  class='flex_column av-av_three_fifth-de02ff6c6bb29fc4ff1e98b6fcee57c3 av_three_fifth  avia-builder-el-5  el_after_av_one_fifth  el_before_av_one_fifth  no_margin flex_column_div av-zero-column-padding  '     ><section  class='av_textblock_section av-av_textblock-0366cc7376be6c9e82a3e9cc8987b64f '   itemscope=\"itemscope\" itemtype=\"https:\/\/schema.org\/CreativeWork\" ><div class='avia_textblock'  itemprop=\"text\" ><p style=\"text-align: justify;\"><span style=\"color: #000000;\">We are aware of the special responsibility which comes with our business activities, in terms of their impact on people, animals, nature and the environment. Nevertheless, our staff and employees strive to reduce our ecological footprint to a minimum since the preservation of our green planet is very close to our heart. For this reason, we constantly try to use raw materials and energy considerately, ensuring the proper return of raw materials into the materials cycle, thereby guaranteeing that future generations will find our natural environment in the same or better state than we do today.<\/span><\/p>\n<p style=\"text-align: justify;\"><span style=\"color: #000000;\">Transparency and care in the disposal of waste are particular concerns for our company. For this reason, we work together exclusively with regional waste disposal companies to ensure the proper disposal of our waste.<\/span><\/p>\n<p style=\"text-align: justify;\"><span style=\"color: #000000;\">At the same time, our staff are challenged daily to conserve resources, raising their awareness around environmental issues.<\/span><\/p>\n<\/div><\/section><br \/>\n\n<style type=\"text\/css\" data-created_by=\"avia_inline_auto\" id=\"style-css-av-av_hr-bf9fb984b08f9fc06ee62a703425771b\">\n#top .hr.hr-invisible.av-av_hr-bf9fb984b08f9fc06ee62a703425771b{\nheight:100px;\n}\n<\/style>\n<div  class='hr av-av_hr-bf9fb984b08f9fc06ee62a703425771b hr-invisible  avia-builder-el-7  el_after_av_textblock  avia-builder-el-last '><span class='hr-inner '><span class=\"hr-inner-style\"><\/span><\/span><\/div><\/p><\/div>\n<style type=\"text\/css\" data-created_by=\"avia_inline_auto\" id=\"style-css-av-av_one_fifth-de02ff6c6bb29fc4ff1e98b6fcee57c3\">\n.flex_column.av-av_one_fifth-de02ff6c6bb29fc4ff1e98b6fcee57c3{\nborder-radius:0px 0px 0px 0px;\npadding:0px 0px 0px 0px;\n}\n<\/style>\n<div  class='flex_column av-av_one_fifth-de02ff6c6bb29fc4ff1e98b6fcee57c3 av_one_fifth  avia-builder-el-8  el_after_av_three_fifth  avia-builder-el-last  no_margin flex_column_div av-zero-column-padding  '     ><\/div><\/div><\/div><\/div><!-- close content main div --><\/div><\/div><div id='after_section_1'  class='main_color av_default_container_wrap container_wrap sidebar_right'  ><div class='container av-section-cont-open' ><div class='template-page content  av-content-small alpha units'><div class='post-entry post-entry-type-page post-entry-1313'><div class='entry-content-wrapper clearfix'>\n","protected":false},"excerpt":{"rendered":"","protected":false},"author":1,"featured_media":0,"parent":0,"menu_order":0,"comment_status":"closed","ping_status":"closed","template":"","meta":{"footnotes":""},"class_list":["post-1313","page","type-page","status-publish","hentry"],"yoast_head":"<!-- This site is optimized with the Yoast SEO plugin v26.4 - https:\/\/yoast.com\/wordpress\/plugins\/seo\/ -->\n<title>Dornauer-Grillitsch GmbH - Sustainability<\/title>\n<meta name=\"description\" content=\"Sustainability plays an important role in our company.\" \/>\n<meta name=\"robots\" content=\"index, follow, max-snippet:-1, max-image-preview:large, max-video-preview:-1\" \/>\n<link rel=\"canonical\" href=\"https:\/\/www.d-g.at\/en\/sustainability\/\" \/>\n<meta property=\"og:locale\" content=\"en_US\" \/>\n<meta property=\"og:type\" content=\"article\" \/>\n<meta property=\"og:title\" content=\"Dornauer-Grillitsch GmbH - Sustainability\" \/>\n<meta property=\"og:description\" content=\"Sustainability plays an important role in our company.\" \/>\n<meta property=\"og:url\" content=\"https:\/\/www.d-g.at\/en\/sustainability\/\" \/>\n<meta property=\"og:site_name\" content=\"Dornauer-Grillitsch GmbH\" \/>\n<meta property=\"article:modified_time\" content=\"2016-06-30T18:49:26+00:00\" \/>\n<meta name=\"twitter:card\" content=\"summary_large_image\" \/>\n<meta name=\"twitter:label1\" content=\"Est. reading time\" \/>\n\t<meta name=\"twitter:data1\" content=\"6 minutes\" \/>\n<script type=\"application\/ld+json\" class=\"yoast-schema-graph\">{\"@context\":\"https:\/\/schema.org\",\"@graph\":[{\"@type\":\"WebPage\",\"@id\":\"https:\/\/www.d-g.at\/en\/sustainability\/\",\"url\":\"https:\/\/www.d-g.at\/en\/sustainability\/\",\"name\":\"Dornauer-Grillitsch GmbH - Sustainability\",\"isPartOf\":{\"@id\":\"https:\/\/www.d-g.at\/en\/#website\"},\"datePublished\":\"2016-06-30T08:55:03+00:00\",\"dateModified\":\"2016-06-30T18:49:26+00:00\",\"description\":\"Sustainability plays an important role in our company.\",\"breadcrumb\":{\"@id\":\"https:\/\/www.d-g.at\/en\/sustainability\/#breadcrumb\"},\"inLanguage\":\"en-US\",\"potentialAction\":[{\"@type\":\"ReadAction\",\"target\":[\"https:\/\/www.d-g.at\/en\/sustainability\/\"]}]},{\"@type\":\"BreadcrumbList\",\"@id\":\"https:\/\/www.d-g.at\/en\/sustainability\/#breadcrumb\",\"itemListElement\":[{\"@type\":\"ListItem\",\"position\":1,\"name\":\"Home\",\"item\":\"https:\/\/www.d-g.at\/en\/home\/\"},{\"@type\":\"ListItem\",\"position\":2,\"name\":\"Sustainability\"}]},{\"@type\":\"WebSite\",\"@id\":\"https:\/\/www.d-g.at\/en\/#website\",\"url\":\"https:\/\/www.d-g.at\/en\/\",\"name\":\"Dornauer-Grillitsch GmbH\",\"description\":\"Metalltechnik und Oberfl\u00e4chentechnik\",\"publisher\":{\"@id\":\"https:\/\/www.d-g.at\/en\/#organization\"},\"potentialAction\":[{\"@type\":\"SearchAction\",\"target\":{\"@type\":\"EntryPoint\",\"urlTemplate\":\"https:\/\/www.d-g.at\/en\/?s={search_term_string}\"},\"query-input\":{\"@type\":\"PropertyValueSpecification\",\"valueRequired\":true,\"valueName\":\"search_term_string\"}}],\"inLanguage\":\"en-US\"},{\"@type\":\"Organization\",\"@id\":\"https:\/\/www.d-g.at\/en\/#organization\",\"name\":\"Dornauer-Grillitsch GmbH\",\"url\":\"https:\/\/www.d-g.at\/en\/\",\"logo\":{\"@type\":\"ImageObject\",\"inLanguage\":\"en-US\",\"@id\":\"https:\/\/www.d-g.at\/en\/#\/schema\/logo\/image\/\",\"url\":\"https:\/\/www.d-g.at\/wp-content\/uploads\/2016\/06\/d-g-200px.png\",\"contentUrl\":\"https:\/\/www.d-g.at\/wp-content\/uploads\/2016\/06\/d-g-200px.png\",\"width\":200,\"height\":169,\"caption\":\"Dornauer-Grillitsch GmbH\"},\"image\":{\"@id\":\"https:\/\/www.d-g.at\/en\/#\/schema\/logo\/image\/\"}}]}<\/script>\n<!-- \/ Yoast SEO plugin. -->","yoast_head_json":{"title":"Dornauer-Grillitsch GmbH - Sustainability","description":"Sustainability plays an important role in our company.","robots":{"index":"index","follow":"follow","max-snippet":"max-snippet:-1","max-image-preview":"max-image-preview:large","max-video-preview":"max-video-preview:-1"},"canonical":"https:\/\/www.d-g.at\/en\/sustainability\/","og_locale":"en_US","og_type":"article","og_title":"Dornauer-Grillitsch GmbH - Sustainability","og_description":"Sustainability plays an important role in our company.","og_url":"https:\/\/www.d-g.at\/en\/sustainability\/","og_site_name":"Dornauer-Grillitsch GmbH","article_modified_time":"2016-06-30T18:49:26+00:00","twitter_card":"summary_large_image","twitter_misc":{"Est. reading time":"6 minutes"},"schema":{"@context":"https:\/\/schema.org","@graph":[{"@type":"WebPage","@id":"https:\/\/www.d-g.at\/en\/sustainability\/","url":"https:\/\/www.d-g.at\/en\/sustainability\/","name":"Dornauer-Grillitsch GmbH - Sustainability","isPartOf":{"@id":"https:\/\/www.d-g.at\/en\/#website"},"datePublished":"2016-06-30T08:55:03+00:00","dateModified":"2016-06-30T18:49:26+00:00","description":"Sustainability plays an important role in our company.","breadcrumb":{"@id":"https:\/\/www.d-g.at\/en\/sustainability\/#breadcrumb"},"inLanguage":"en-US","potentialAction":[{"@type":"ReadAction","target":["https:\/\/www.d-g.at\/en\/sustainability\/"]}]},{"@type":"BreadcrumbList","@id":"https:\/\/www.d-g.at\/en\/sustainability\/#breadcrumb","itemListElement":[{"@type":"ListItem","position":1,"name":"Home","item":"https:\/\/www.d-g.at\/en\/home\/"},{"@type":"ListItem","position":2,"name":"Sustainability"}]},{"@type":"WebSite","@id":"https:\/\/www.d-g.at\/en\/#website","url":"https:\/\/www.d-g.at\/en\/","name":"Dornauer-Grillitsch GmbH","description":"Metalltechnik und Oberfl\u00e4chentechnik","publisher":{"@id":"https:\/\/www.d-g.at\/en\/#organization"},"potentialAction":[{"@type":"SearchAction","target":{"@type":"EntryPoint","urlTemplate":"https:\/\/www.d-g.at\/en\/?s={search_term_string}"},"query-input":{"@type":"PropertyValueSpecification","valueRequired":true,"valueName":"search_term_string"}}],"inLanguage":"en-US"},{"@type":"Organization","@id":"https:\/\/www.d-g.at\/en\/#organization","name":"Dornauer-Grillitsch GmbH","url":"https:\/\/www.d-g.at\/en\/","logo":{"@type":"ImageObject","inLanguage":"en-US","@id":"https:\/\/www.d-g.at\/en\/#\/schema\/logo\/image\/","url":"https:\/\/www.d-g.at\/wp-content\/uploads\/2016\/06\/d-g-200px.png","contentUrl":"https:\/\/www.d-g.at\/wp-content\/uploads\/2016\/06\/d-g-200px.png","width":200,"height":169,"caption":"Dornauer-Grillitsch GmbH"},"image":{"@id":"https:\/\/www.d-g.at\/en\/#\/schema\/logo\/image\/"}}]}},"_links":{"self":[{"href":"https:\/\/www.d-g.at\/en\/wp-json\/wp\/v2\/pages\/1313","targetHints":{"allow":["GET"]}}],"collection":[{"href":"https:\/\/www.d-g.at\/en\/wp-json\/wp\/v2\/pages"}],"about":[{"href":"https:\/\/www.d-g.at\/en\/wp-json\/wp\/v2\/types\/page"}],"author":[{"embeddable":true,"href":"https:\/\/www.d-g.at\/en\/wp-json\/wp\/v2\/users\/1"}],"replies":[{"embeddable":true,"href":"https:\/\/www.d-g.at\/en\/wp-json\/wp\/v2\/comments?post=1313"}],"version-history":[{"count":4,"href":"https:\/\/www.d-g.at\/en\/wp-json\/wp\/v2\/pages\/1313\/revisions"}],"predecessor-version":[{"id":1490,"href":"https:\/\/www.d-g.at\/en\/wp-json\/wp\/v2\/pages\/1313\/revisions\/1490"}],"wp:attachment":[{"href":"https:\/\/www.d-g.at\/en\/wp-json\/wp\/v2\/media?parent=1313"}],"curies":[{"name":"wp","href":"https:\/\/api.w.org\/{rel}","templated":true}]}}